{"id":1061,"date":"2021-12-11T06:18:44","date_gmt":"2021-12-11T06:18:44","guid":{"rendered":"https:\/\/praktijk.myna-demo.be\/?page_id=1061"},"modified":"2021-12-21T09:23:02","modified_gmt":"2021-12-21T09:23:02","slug":"afspraak-maken","status":"publish","type":"page","link":"https:\/\/miekevlamynck.be\/index.php\/afspraak-maken\/","title":{"rendered":"Afspraak maken"},"content":{"rendered":"<div id=\"pl-1061\"  class=\"panel-layout\" ><div id=\"pg-1061-0\"  class=\"panel-grid panel-no-style\" ><div id=\"pgc-1061-0-0\"  class=\"panel-grid-cell\" ><div id=\"panel-1061-0-0-0\" class=\"so-panel widget widget_sow-editor panel-first-child panel-last-child\" data-index=\"0\" ><div\n\t\t\t\n\t\t\tclass=\"so-widget-sow-editor so-widget-sow-editor-base\"\n\t\t\t\n\t\t>\n<div class=\"siteorigin-widget-tinymce textwidget\">\n\t<p>Maak uw keuze voor <u>osteopathie<\/u> of <u>acupunctuur<\/u>. Indien u het niet zeker weet, kunt u \u00e9\u00e9n van beide aanklikken. Tijdens de eerste consultatie wordt dan ge\u00ebvalueerd welke aanpak voor u het meest van toepassing is. Een eerste consultatie bestaat steeds uit een intake en behandeling.<\/p>\n<p>Vul steeds alle velden in.<\/p>\n<p>U kunt ook telefonisch een afspraak maken op het nummer 050\/35.12.36<\/p>\n<p>Het annuleren van een afspraak dient 24 uur op voorhand te gebeuren.<\/p>\n<p>Dit kan telefonisch of via mail (<a href=\"mailto:mieke.vlamynck@gmail.com\">mieke.vlamynck@gmail.com<\/a>).<\/p>\n<p>&nbsp;<\/p>\n<p style=\"text-align: center;\"><a class=\"btn  btn-primary\" href=\"http:\/\/www.sanotab.be\/agenda\/agenda.php?tid=5413\" target=\"_self\"> Boek hier<\/a><\/p>\n<\/div>\n<\/div><\/div><\/div><\/div><\/div>","protected":false},"excerpt":{"rendered":"<p>Maak uw keuze voor osteopathie of acupunctuur. Indien u het niet zeker weet, kunt u \u00e9\u00e9n van beide aanklikken. Tijdens de eerste consultatie wordt dan ge\u00ebvalueerd welke aanpak voor u het meest van toepassing is. Een eerste consultatie bestaat steeds uit een intake en behandeling. Vul steeds alle velden in. U kunt ook telefonisch een &hellip;<\/p>\n","protected":false},"author":1,"featured_media":0,"parent":0,"menu_order":0,"comment_status":"closed","ping_status":"closed","template":"","meta":{"_acf_changed":false,"footnotes":""},"class_list":["post-1061","page","type-page","status-publish","hentry"],"acf":[],"_links":{"self":[{"href":"https:\/\/miekevlamynck.be\/index.php\/wp-json\/wp\/v2\/pages\/1061","targetHints":{"allow":["GET"]}}],"collection":[{"href":"https:\/\/miekevlamynck.be\/index.php\/wp-json\/wp\/v2\/pages"}],"about":[{"href":"https:\/\/miekevlamynck.be\/index.php\/wp-json\/wp\/v2\/types\/page"}],"author":[{"embeddable":true,"href":"https:\/\/miekevlamynck.be\/index.php\/wp-json\/wp\/v2\/users\/1"}],"replies":[{"embeddable":true,"href":"https:\/\/miekevlamynck.be\/index.php\/wp-json\/wp\/v2\/comments?post=1061"}],"version-history":[{"count":6,"href":"https:\/\/miekevlamynck.be\/index.php\/wp-json\/wp\/v2\/pages\/1061\/revisions"}],"predecessor-version":[{"id":1149,"href":"https:\/\/miekevlamynck.be\/index.php\/wp-json\/wp\/v2\/pages\/1061\/revisions\/1149"}],"wp:attachment":[{"href":"https:\/\/miekevlamynck.be\/index.php\/wp-json\/wp\/v2\/media?parent=1061"}],"curies":[{"name":"wp","href":"https:\/\/api.w.org\/{rel}","templated":true}]}}